{"id":3993,"date":"2020-05-13T14:28:16","date_gmt":"2020-05-13T12:28:16","guid":{"rendered":"https:\/\/tsplus.eu\/store\/?page_id=3993"},"modified":"2022-09-12T16:34:08","modified_gmt":"2022-09-12T14:34:08","slug":"contact","status":"publish","type":"page","link":"https:\/\/tsplus.eu\/store\/contact\/","title":{"rendered":"Contact"},"content":{"rendered":"<div class=\"wpb-content-wrapper\"><p>[vc_row][vc_column width=&#8221;1\/2&#8243;][vc_column_text]<\/p>\n<h3>Eland IT Sp. z o.o. TSPlus Eastern Europe<\/h3>\n<div>ul. Ferdynanda Ossendowskiego 7, 93-228 \u0141\u00f3d\u017a<\/div>\n<div><\/div>\n<div>+48 (42) 206 74 76<\/div>\n<div><\/div>\n<div>+48 504 048 084<\/div>\n<div><\/div>\n<div>licenses@tsplus.eu<\/div>\n<div><\/div>\n<div>NIP 7282793534 , REGON 101608090, KRS 0000483582<\/div>\n<p>[\/vc_column_text][\/vc_column][vc_column width=&#8221;1\/2&#8243;]\n<div class=\"wpcf7 no-js\" id=\"wpcf7-f5901-o1\" lang=\"pl-PL\" dir=\"ltr\" data-wpcf7-id=\"5901\">\n<div class=\"screen-reader-response\"><p role=\"status\" aria-live=\"polite\" aria-atomic=\"true\"><\/p> <ul><\/ul><\/div>\n<form action=\"\/store\/wp-json\/wp\/v2\/pages\/3993#wpcf7-f5901-o1\" method=\"post\" class=\"wpcf7-form init\" aria-label=\"Formularz kontaktowy\" novalidate=\"novalidate\" data-status=\"init\">\n<fieldset class=\"hidden-fields-container\"><input type=\"hidden\" name=\"_wpcf7\" value=\"5901\" \/><input type=\"hidden\" name=\"_wpcf7_version\" value=\"6.1.4\" \/><input type=\"hidden\" name=\"_wpcf7_locale\" value=\"pl_PL\" \/><input type=\"hidden\" name=\"_wpcf7_unit_tag\" value=\"wpcf7-f5901-o1\" \/><input type=\"hidden\" name=\"_wpcf7_container_post\" value=\"0\" \/><input type=\"hidden\" name=\"_wpcf7_posted_data_hash\" value=\"\" \/>\n<\/fieldset>\n<p><label> Your Name (required)<br \/>\n<span class=\"wpcf7-form-control-wrap\" data-name=\"your-name\"><input size=\"40\" maxlength=\"400\" class=\"wpcf7-form-control wpcf7-text wpcf7-validates-as-required\" aria-required=\"true\" aria-invalid=\"false\" value=\"\" type=\"text\" name=\"your-name\" \/><\/span> <\/label>\n<\/p>\n<p><label> Your Email* (required)<br \/>\n<span class=\"wpcf7-form-control-wrap\" data-name=\"your-email\"><input size=\"40\" maxlength=\"400\" class=\"wpcf7-form-control wpcf7-email wpcf7-validates-as-required wpcf7-text wpcf7-validates-as-email\" aria-required=\"true\" aria-invalid=\"false\" value=\"\" type=\"email\" name=\"your-email\" \/><\/span> <\/label>\n<\/p>\n<p><label> Subject<br \/>\n<span class=\"wpcf7-form-control-wrap\" data-name=\"your-subject\"><input size=\"40\" maxlength=\"400\" class=\"wpcf7-form-control wpcf7-text wpcf7-validates-as-required\" aria-required=\"true\" aria-invalid=\"false\" value=\"\" type=\"text\" name=\"your-subject\" \/><\/span> <\/label>\n<\/p>\n<p><span id=\"wpcf7-6a04aa244887e-wrapper\" class=\"wpcf7-form-control-wrap honeypot-804-wrap\" style=\"display:none !important; visibility:hidden !important;\"><label for=\"wpcf7-6a04aa244887e-field\" class=\"hp-message\">Please leave this field empty.<\/label><input id=\"wpcf7-6a04aa244887e-field\"  class=\"wpcf7-form-control wpcf7-text\" type=\"text\" name=\"honeypot-804\" value=\"\" size=\"40\" tabindex=\"-1\" autocomplete=\"new-password\" \/><\/span>\n<\/p>\n<p><label> Your Message<br \/>\n<span class=\"wpcf7-form-control-wrap\" data-name=\"your-message\"><textarea cols=\"40\" rows=\"10\" maxlength=\"2000\" class=\"wpcf7-form-control wpcf7-textarea\" aria-invalid=\"false\" name=\"your-message\"><\/textarea><\/span> <\/label>\n<\/p>\n<p><input class=\"wpcf7-form-control wpcf7-submit has-spinner\" type=\"submit\" value=\"Send\" \/>\n<\/p><div class=\"wpcf7-response-output\" aria-hidden=\"true\"><\/div>\n<\/form>\n<\/div>\n[\/vc_column][\/vc_row]<\/p>\n<\/div>","protected":false},"excerpt":{"rendered":"<p>[vc_row][vc_column width=&#8221;1\/2&#8243;][vc_column_text] Eland IT Sp. z o.o. TSPlus Eastern Europe ul. Ferdynanda Ossendowskiego 7, 93-228 \u0141\u00f3d\u017a +48 (42) 206 74 76 +48 504 048 084 licenses@tsplus.eu NIP 7282793534 , REGON 101608090, KRS 0000483582 [\/vc_column_text][\/vc_column][vc_column width=&#8221;1\/2&#8243;][\/vc_column][\/vc_row]<\/p>\n","protected":false},"author":1,"featured_media":0,"parent":0,"menu_order":0,"comment_status":"closed","ping_status":"closed","template":"","meta":{"footnotes":""},"class_list":["post-3993","page","type-page","status-publish","hentry"],"aioseo_notices":[],"_links":{"self":[{"href":"https:\/\/tsplus.eu\/store\/wp-json\/wp\/v2\/pages\/3993","targetHints":{"allow":["GET"]}}],"collection":[{"href":"https:\/\/tsplus.eu\/store\/wp-json\/wp\/v2\/pages"}],"about":[{"href":"https:\/\/tsplus.eu\/store\/wp-json\/wp\/v2\/types\/page"}],"author":[{"embeddable":true,"href":"https:\/\/tsplus.eu\/store\/wp-json\/wp\/v2\/users\/1"}],"replies":[{"embeddable":true,"href":"https:\/\/tsplus.eu\/store\/wp-json\/wp\/v2\/comments?post=3993"}],"version-history":[{"count":2,"href":"https:\/\/tsplus.eu\/store\/wp-json\/wp\/v2\/pages\/3993\/revisions"}],"predecessor-version":[{"id":5902,"href":"https:\/\/tsplus.eu\/store\/wp-json\/wp\/v2\/pages\/3993\/revisions\/5902"}],"wp:attachment":[{"href":"https:\/\/tsplus.eu\/store\/wp-json\/wp\/v2\/media?parent=3993"}],"curies":[{"name":"wp","href":"https:\/\/api.w.org\/{rel}","templated":true}]}}